{"id":101,"date":"2025-04-11T14:11:58","date_gmt":"2025-04-11T14:11:58","guid":{"rendered":"https:\/\/simultanis.cat\/?page_id=101"},"modified":"2025-04-11T14:11:59","modified_gmt":"2025-04-11T14:11:59","slug":"declaracio-daccessibilitat","status":"publish","type":"page","link":"https:\/\/simultanis.cat\/es\/declaracio-daccessibilitat\/","title":{"rendered":"Declaraci\u00f3 d&#8217;Accessibilitat"},"content":{"rendered":"<hr class=\"wp-block-separator has-alpha-channel-opacity\"\/>\n\n\n\n<p><\/p>\n\n\n\n<p>A <strong>Simultainis<\/strong>, ens comprometem a garantir l\u2019accessibilitat del nostre lloc web d\u2019acord amb el <strong>Reial decret 1112\/2018<\/strong>, de 7 de setembre, sobre l\u2019accessibilitat dels llocs web i aplicacions per a dispositius m\u00f2bils del sector p\u00fablic o desenvolupats amb finan\u00e7ament de la Uni\u00f3 Europea.<\/p>\n\n\n\n<p>Aquesta declaraci\u00f3 d\u2019accessibilitat s\u2019aplica al lloc web:<br>\ud83c\udf10 <a class=\"\" href=\"https:\/\/simultanis.cat\/es\/\">https:\/\/simultanis.cat\/<\/a><\/p>\n\n\n\n<p><strong>Situaci\u00f3 de compliment<\/strong><\/p>\n\n\n\n<p>Aquest lloc web \u00e9s <strong>parcialment conforme<\/strong> amb el Reial decret 1112\/2018, degut a les excepcions i a la falta de conformitat dels aspectes que s\u2019indiquen a continuaci\u00f3.<\/p>\n\n\n\n<p><strong>Contingut no accessible<\/strong><\/p>\n\n\n\n<p>El contingut que es detalla a continuaci\u00f3 no \u00e9s accessible per les seg\u00fcents raons:<\/p>\n\n\n\n<p>\ud83d\udd39 <strong>Manca de conformitat amb el Reial decret 1112\/2018:<\/strong><\/p>\n\n\n\n<ul class=\"wp-block-list\">\n<li>Algunes imatges poden no contenir text alternatiu correcte o suficient \u2013 Requisit 9.1.1.1 Contingut no textual UNE-EN 301549:2022.<\/li>\n\n\n\n<li>Alguns camps de formularis poden no identificar adequadament la seva finalitat o no admetre autocompletat \u2013 Requisit 9.1.3.5 Identificar la finalitat de l\u2019entrada UNE-EN 301549:2022.<\/li>\n\n\n\n<li>Pot haver-hi errors editorials puntuals en algunes p\u00e0gines del lloc web.<\/li>\n<\/ul>\n\n\n\n<p>\ud83d\udd39 <strong>C\u00e0rrega desproporcionada:<\/strong><\/p>\n\n\n\n<ul class=\"wp-block-list\">\n<li>No aplicable.<\/li>\n<\/ul>\n\n\n\n<p>\ud83d\udd39 <strong>Contingut excl\u00f2s de l\u2019\u00e0mbit d\u2019aplicaci\u00f3 de la normativa:<\/strong><\/p>\n\n\n\n<ul class=\"wp-block-list\">\n<li>Documents ofim\u00e0tics (PDF o altres formats) publicats abans del 20 de setembre de 2018 que poden no complir totalment els requisits d\u2019accessibilitat.<\/li>\n\n\n\n<li>Continguts de tercers que no han estat desenvolupats ni estan sota el control d\u2019aquesta entitat, com ara documents aportats per altres organitzacions.<\/li>\n<\/ul>\n\n\n\n<p><strong>Observacions i dades de contacte<\/strong><\/p>\n\n\n\n<p>Si detectes alguna barrera d\u2019accessibilitat o tens dificultats per accedir a algun contingut del lloc web, pots:<\/p>\n\n\n\n<ul class=\"wp-block-list\">\n<li>Informar sobre possibles incompliments dels requisits d\u2019accessibilitat.<\/li>\n\n\n\n<li>Comunicar altres dificultats d\u2019acc\u00e9s al contingut.<\/li>\n\n\n\n<li>Formular qualsevol altra consulta o suggeriment per a la millora de l\u2019accessibilitat del lloc web.<\/li>\n<\/ul>\n\n\n\n<p>\ud83d\udce9 Correu electr\u00f2nic: <a class=\"\">slimsafont@gmail.com<\/a><br>\ud83d\udcde Tel\u00e8fon: +34 346 589 962 81<\/p>\n\n\n\n<p><strong>Procediment de reclamaci\u00f3<\/strong><\/p>\n\n\n\n<p>Si vols presentar:<\/p>\n\n\n\n<ul class=\"wp-block-list\">\n<li>Una <strong>reclamaci\u00f3<\/strong> sobre el compliment dels requisits d\u2019accessibilitat.<\/li>\n\n\n\n<li>Una <strong>sol\u00b7licitud d\u2019informaci\u00f3 accessible<\/strong>, com ara:\n<ul class=\"wp-block-list\">\n<li>Continguts que estiguin exempts segons l\u2019article 3.4 del Reial decret 1112\/2018.<\/li>\n\n\n\n<li>Continguts que estiguin exclosos per suposar una c\u00e0rrega desproporcionada.<\/li>\n<\/ul>\n<\/li>\n<\/ul>\n\n\n\n<p>En cas de sol\u00b7licitar informaci\u00f3 accessible, cal indicar clarament els fets, les raons i la petici\u00f3, per tal de garantir que la sol\u00b7licitud \u00e9s raonable i leg\u00edtima.<\/p>\n\n\n\n<p><strong>Contingut opcional<\/strong><\/p>\n\n\n\n<p>Aquest lloc web permet l\u2019ajust del <strong>tamany del text<\/strong>, els <strong>colors<\/strong> i el <strong>fons<\/strong> mitjan\u00e7ant les opcions dels navegadors web.<\/p>\n\n\n\n<p>Per modificar la mida del text:<\/p>\n\n\n\n<ul class=\"wp-block-list\">\n<li><strong>Internet Explorer, Mozilla Firefox:<\/strong> Visualitza > Mida del text<\/li>\n\n\n\n<li><strong>Opera:<\/strong> Visualitza > Zoom<\/li>\n\n\n\n<li><strong>Safari:<\/strong> Visualitza > Fer el text m\u00e9s gran<\/li>\n\n\n\n<li><strong>Chrome:<\/strong> Personalitza i controla > Mida del text<\/li>\n<\/ul>\n\n\n\n<p>Per modificar la mida de tota la p\u00e0gina:<\/p>\n\n\n\n<ul class=\"wp-block-list\">\n<li><strong>Ctrl + +<\/strong> per augmentar<\/li>\n\n\n\n<li><strong>Ctrl + &#8211;<\/strong> per reduir<\/li>\n\n\n\n<li><strong>Ctrl + 0<\/strong> per tornar a la mida original<\/li>\n<\/ul>","protected":false},"excerpt":{"rendered":"<p>A Simultainis, ens comprometem a garantir l\u2019accessibilitat del nostre lloc web d\u2019acord amb el Reial decret 1112\/2018, de 7 de setembre, sobre l\u2019accessibilitat dels llocs web i aplicacions per a dispositius m\u00f2bils del sector p\u00fablic o desenvolupats amb finan\u00e7ament de la Uni\u00f3 Europea. Aquesta declaraci\u00f3 d\u2019accessibilitat s\u2019aplica al lloc web:\ud83c\udf10 https:\/\/simultanis.cat\/ Situaci\u00f3 de compliment Aquest [&hellip;]<\/p>\n","protected":false},"author":1,"featured_media":0,"parent":0,"menu_order":0,"comment_status":"closed","ping_status":"closed","template":"","meta":{"_acf_changed":false,"footnotes":""},"class_list":["post-101","page","type-page","status-publish","hentry"],"acf":[],"_links":{"self":[{"href":"https:\/\/simultanis.cat\/es\/wp-json\/wp\/v2\/pages\/101","targetHints":{"allow":["GET"]}}],"collection":[{"href":"https:\/\/simultanis.cat\/es\/wp-json\/wp\/v2\/pages"}],"about":[{"href":"https:\/\/simultanis.cat\/es\/wp-json\/wp\/v2\/types\/page"}],"author":[{"embeddable":true,"href":"https:\/\/simultanis.cat\/es\/wp-json\/wp\/v2\/users\/1"}],"replies":[{"embeddable":true,"href":"https:\/\/simultanis.cat\/es\/wp-json\/wp\/v2\/comments?post=101"}],"version-history":[{"count":1,"href":"https:\/\/simultanis.cat\/es\/wp-json\/wp\/v2\/pages\/101\/revisions"}],"predecessor-version":[{"id":102,"href":"https:\/\/simultanis.cat\/es\/wp-json\/wp\/v2\/pages\/101\/revisions\/102"}],"wp:attachment":[{"href":"https:\/\/simultanis.cat\/es\/wp-json\/wp\/v2\/media?parent=101"}],"curies":[{"name":"wp","href":"https:\/\/api.w.org\/{rel}","templated":true}]}}