{"id":16,"date":"2025-04-02T13:36:25","date_gmt":"2025-04-02T13:36:25","guid":{"rendered":"https:\/\/simultanis.cat\/?page_id=16"},"modified":"2026-03-04T08:17:09","modified_gmt":"2026-03-04T08:17:09","slug":"concepte","status":"publish","type":"page","link":"https:\/\/simultanis.cat\/es\/concepte\/","title":{"rendered":"Simultanis"},"content":{"rendered":"<div style=\"height:58px\" aria-hidden=\"true\" class=\"wp-block-spacer\"><\/div>\n\n\n\n<h2 class=\"wp-block-heading\">Som un <em>estudi creatiu<\/em> format per un equip de professionals i artistes treballant de manera&nbsp; <strong><em>simult\u00e0nia<\/em><\/strong>.<\/h2>\n\n\n\n<p><\/p>\n\n\n\n<div style=\"height:43px\" aria-hidden=\"true\" class=\"wp-block-spacer\"><\/div>\n\n\n\n<div class=\"wp-block-group\"><div class=\"wp-block-group__inner-container is-layout-constrained wp-block-group-is-layout-constrained\">\n<p>&gt;<strong> <\/strong><em>Dirigim i produ\u00efm<\/em> <strong>projectes art\u00edstics personalitzats per a espais p\u00fablics, privats i institucionals.<\/strong><\/p>\n<\/div><\/div>\n\n\n\n<div style=\"height:20px\" aria-hidden=\"true\" class=\"wp-block-spacer\"><\/div>\n\n\n\n<p>&gt;<em style=\"font-weight: bold;\"> <\/em><em>Dissenyem<\/em> <strong>experi\u00e8ncies visuals \u00faniques, inspirades en el context i la identitat de cada espai.<\/strong><\/p>\n\n\n\n<div style=\"height:20px\" aria-hidden=\"true\" class=\"wp-block-spacer\"><\/div>\n\n\n\n<p>&gt; <em>Desenvolupem<\/em> <strong>programes educatius dirigits a noves generacions d\u2019artistes urbans.<\/strong><\/p>\n\n\n\n<div style=\"height:100px\" aria-hidden=\"true\" class=\"wp-block-spacer\"><\/div>\n\n\n\n<p class=\"has-text-align-left\"><\/p>\n\n\n\n<div class=\"wp-block-group is-content-justification-center is-nowrap is-layout-flex wp-container-core-group-is-layout-2 wp-block-group-is-layout-flex\"><\/div>\n\n\n\n<div class=\"wp-block-columns is-layout-flex wp-container-core-columns-is-layout-1 wp-block-columns-is-layout-flex\">\n<div class=\"wp-block-column is-layout-flow wp-block-column-is-layout-flow\"><div class=\"wp-block-image\">\n<figure class=\"aligncenter size-full is-resized\"><img loading=\"lazy\" decoding=\"async\" width=\"412\" height=\"413\" src=\"https:\/\/simultanis.cat\/wp-content\/uploads\/2026\/02\/1a.png\" alt=\"\" class=\"wp-image-305\" style=\"width:254px;height:auto\" srcset=\"https:\/\/simultanis.cat\/wp-content\/uploads\/2026\/02\/1a.png 412w, https:\/\/simultanis.cat\/wp-content\/uploads\/2026\/02\/1a-300x300.png 300w, https:\/\/simultanis.cat\/wp-content\/uploads\/2026\/02\/1a-150x150.png 150w, https:\/\/simultanis.cat\/wp-content\/uploads\/2026\/02\/1a-12x12.png 12w\" sizes=\"auto, (max-width: 412px) 100vw, 412px\" \/><\/figure><\/div>\n\n\n<p class=\"has-text-align-center\"><a href=\"http:\/\/www.slimsafont.com\" rel=\"nofollow noopener\" target=\"_blank\"><strong>Slim Safont<\/strong> \/ <em>Direc<\/em><\/a><em><a href=\"http:\/\/www.slimsafont.com\" rel=\"nofollow noopener\" target=\"_blank\">tor art\u00edstic<\/a><\/em><\/p>\n<\/div>\n\n\n\n<div class=\"wp-block-column is-layout-flow wp-block-column-is-layout-flow\"><div class=\"wp-block-image\">\n<figure class=\"aligncenter size-full is-resized\"><img loading=\"lazy\" decoding=\"async\" width=\"412\" height=\"413\" src=\"https:\/\/simultanis.cat\/wp-content\/uploads\/2026\/02\/2b-1.png\" alt=\"\" class=\"wp-image-297\" style=\"width:253px;height:auto\" srcset=\"https:\/\/simultanis.cat\/wp-content\/uploads\/2026\/02\/2b-1.png 412w, https:\/\/simultanis.cat\/wp-content\/uploads\/2026\/02\/2b-1-300x300.png 300w, https:\/\/simultanis.cat\/wp-content\/uploads\/2026\/02\/2b-1-150x150.png 150w, https:\/\/simultanis.cat\/wp-content\/uploads\/2026\/02\/2b-1-12x12.png 12w\" sizes=\"auto, (max-width: 412px) 100vw, 412px\" \/><\/figure><\/div>\n\n\n<p class=\"has-text-align-center\"><a href=\"http:\/\/www.wedogoas.com\" rel=\"nofollow noopener\" target=\"_blank\"><strong>Wedo Go\u00e1s<\/strong> \/ <em>Project Manager<\/em><\/a><\/p>\n<\/div>\n\n\n\n<div class=\"wp-block-column is-vertically-aligned-bottom is-layout-flow wp-block-column-is-layout-flow\"><div class=\"wp-block-image\">\n<figure class=\"aligncenter size-full is-resized\"><img loading=\"lazy\" decoding=\"async\" width=\"2195\" height=\"2164\" src=\"https:\/\/simultanis.cat\/wp-content\/uploads\/2026\/02\/Joan.png\" alt=\"\" class=\"wp-image-350\" style=\"width:252px;height:auto\" srcset=\"https:\/\/simultanis.cat\/wp-content\/uploads\/2026\/02\/Joan.png 2195w, https:\/\/simultanis.cat\/wp-content\/uploads\/2026\/02\/Joan-300x296.png 300w, https:\/\/simultanis.cat\/wp-content\/uploads\/2026\/02\/Joan-1024x1010.png 1024w, https:\/\/simultanis.cat\/wp-content\/uploads\/2026\/02\/Joan-768x757.png 768w, https:\/\/simultanis.cat\/wp-content\/uploads\/2026\/02\/Joan-1536x1514.png 1536w, https:\/\/simultanis.cat\/wp-content\/uploads\/2026\/02\/Joan-2048x2019.png 2048w, https:\/\/simultanis.cat\/wp-content\/uploads\/2026\/02\/Joan-12x12.png 12w\" sizes=\"auto, (max-width: 2195px) 100vw, 2195px\" \/><\/figure><\/div>\n\n\n<p class=\"has-text-align-center\"><a href=\"https:\/\/simultanis.cat\/es\/contacte\/\" data-type=\"page\" data-id=\"20\"><strong>Joan Saez <\/strong>\/ <em>Comunicaci\u00f3 i  <\/em>     <em>m\u00e0rqueting<\/em><\/a><\/p>\n<\/div>\n<\/div>\n\n\n\n<div class=\"wp-block-columns is-layout-flex wp-container-core-columns-is-layout-2 wp-block-columns-is-layout-flex\">\n<div class=\"wp-block-column is-layout-flow wp-block-column-is-layout-flow\" style=\"flex-basis:100%\">\n<div style=\"height:150px\" aria-hidden=\"true\" class=\"wp-block-spacer\"><\/div>\n<\/div>\n<\/div>\n\n\n\n<p class=\"has-text-align-center\"><\/p>\n\n\n\n<div class=\"wp-block-buttons has-background is-content-justification-center is-layout-flex wp-container-core-buttons-is-layout-1 wp-block-buttons-is-layout-flex\" style=\"background-color:#ffffff00\">\n<div class=\"wp-block-button is-style-outline is-style-outline--1\"><a class=\"wp-block-button__link wp-element-button\" href=\"https:\/\/simultanis.cat\/es\/contacte\/\">Contacto<\/a><\/div>\n\n\n\n<div class=\"wp-block-button is-style-outline is-style-outline--2\"><a class=\"wp-block-button__link has-text-align-center wp-element-button\" href=\"https:\/\/www.instagram.com\/simultanis\" rel=\"nofollow noopener\" target=\"_blank\">Instagram<\/a><\/div>\n<\/div>\n\n\n\n<p><\/p>","protected":false},"excerpt":{"rendered":"<p>Som un estudi creatiu format per un equip de professionals i artistes treballant de manera&nbsp; simult\u00e0nia. &gt; Dirigim i produ\u00efm projectes art\u00edstics personalitzats per a espais p\u00fablics, privats i institucionals. &gt; Dissenyem experi\u00e8ncies visuals \u00faniques, inspirades en el context i la identitat de cada espai. &gt; Desenvolupem programes educatius dirigits a noves generacions d\u2019artistes urbans. [&hellip;]<\/p>\n","protected":false},"author":1,"featured_media":0,"parent":0,"menu_order":0,"comment_status":"closed","ping_status":"closed","template":"","meta":{"_acf_changed":false,"footnotes":""},"class_list":["post-16","page","type-page","status-publish","hentry"],"acf":[],"_links":{"self":[{"href":"https:\/\/simultanis.cat\/es\/wp-json\/wp\/v2\/pages\/16","targetHints":{"allow":["GET"]}}],"collection":[{"href":"https:\/\/simultanis.cat\/es\/wp-json\/wp\/v2\/pages"}],"about":[{"href":"https:\/\/simultanis.cat\/es\/wp-json\/wp\/v2\/types\/page"}],"author":[{"embeddable":true,"href":"https:\/\/simultanis.cat\/es\/wp-json\/wp\/v2\/users\/1"}],"replies":[{"embeddable":true,"href":"https:\/\/simultanis.cat\/es\/wp-json\/wp\/v2\/comments?post=16"}],"version-history":[{"count":81,"href":"https:\/\/simultanis.cat\/es\/wp-json\/wp\/v2\/pages\/16\/revisions"}],"predecessor-version":[{"id":392,"href":"https:\/\/simultanis.cat\/es\/wp-json\/wp\/v2\/pages\/16\/revisions\/392"}],"wp:attachment":[{"href":"https:\/\/simultanis.cat\/es\/wp-json\/wp\/v2\/media?parent=16"}],"curies":[{"name":"wp","href":"https:\/\/api.w.org\/{rel}","templated":true}]}}